{"id":44,"date":"2025-09-28T18:49:47","date_gmt":"2025-09-28T18:49:47","guid":{"rendered":"https:\/\/igrejadolis.com\/?page_id=44"},"modified":"2025-12-28T17:52:10","modified_gmt":"2025-12-28T17:52:10","slug":"quem-somos","status":"publish","type":"page","link":"https:\/\/igrejadolis.com\/index.php\/quem-somos\/","title":{"rendered":"QUEM SOMOS"},"content":{"rendered":"\n<div class=\"wp-block-group alignfull has-global-padding is-content-justification-center is-layout-constrained wp-block-group-is-layout-constrained\" style=\"margin-top:0;margin-bottom:0\">\n<div style=\"height:var(--wp--preset--spacing--20)\" aria-hidden=\"true\" class=\"wp-block-spacer\"><\/div>\n\n\n\n<div class=\"wp-block-group alignwide is-layout-flow wp-block-group-is-layout-flow\">\n<div class=\"wp-block-columns alignwide are-vertically-aligned-top is-layout-flex wp-container-core-columns-is-layout-5c8fb865 wp-block-columns-is-layout-flex\">\n<div class=\"wp-block-column is-vertically-aligned-top has-global-padding is-content-justification-left is-layout-constrained wp-container-core-column-is-layout-95996b15 wp-block-column-is-layout-constrained\">\n<h2 class=\"wp-block-heading\">Nossa Vis\u00e3o<\/h2>\n\n\n\n<p>Somos uma igreja em pequenos grupos que ama a Deus, ama pessoas, serve a Deus no distrito de Leiria e a na\u00e7\u00e3o (Portugal). <\/p>\n<\/div>\n\n\n\n<div class=\"wp-block-column is-vertically-aligned-top has-global-padding is-content-justification-left is-layout-constrained wp-container-core-column-is-layout-95996b15 wp-block-column-is-layout-constrained\">\n<h2 class=\"wp-block-heading\">Nossa Miss\u00e3o<\/h2>\n\n\n\n<p>Conduzir pessoas a uma vida centrada em Jesus e envi\u00e1-las ao exerc\u00edcio do minist\u00e9rio. <\/p>\n<\/div>\n<\/div>\n\n\n\n<div style=\"height:7px\" aria-hidden=\"true\" class=\"wp-block-spacer\"><\/div>\n\n\n\n<figure class=\"wp-block-video\"><video height=\"720\" style=\"aspect-ratio: 1280 \/ 720;\" width=\"1280\" controls src=\"https:\/\/igrejadolis.com\/wp-content\/uploads\/2025\/12\/Sky-Blue-Light-Pink-Video-centric-Element-Centric-Video-Background.mov\"><\/video><\/figure>\n<\/div>\n\n\n\n<div style=\"height:var(--wp--preset--spacing--20)\" aria-hidden=\"true\" class=\"wp-block-spacer\"><\/div>\n<\/div>\n","protected":false},"excerpt":{"rendered":"<p>Nossa Vis\u00e3o Somos uma igreja em pequenos grupos que ama a Deus, ama pessoas, serve a Deus no distrito de Leiria e a na\u00e7\u00e3o (Portugal). Nossa Miss\u00e3o Conduzir pessoas a uma vida centrada em Jesus e envi\u00e1-las ao exerc\u00edcio do minist\u00e9rio.<\/p>\n","protected":false},"author":1,"featured_media":0,"parent":0,"menu_order":0,"comment_status":"closed","ping_status":"closed","template":"","meta":{"footnotes":""},"class_list":["post-44","page","type-page","status-publish","hentry"],"_links":{"self":[{"href":"https:\/\/igrejadolis.com\/index.php\/wp-json\/wp\/v2\/pages\/44","targetHints":{"allow":["GET"]}}],"collection":[{"href":"https:\/\/igrejadolis.com\/index.php\/wp-json\/wp\/v2\/pages"}],"about":[{"href":"https:\/\/igrejadolis.com\/index.php\/wp-json\/wp\/v2\/types\/page"}],"author":[{"embeddable":true,"href":"https:\/\/igrejadolis.com\/index.php\/wp-json\/wp\/v2\/users\/1"}],"replies":[{"embeddable":true,"href":"https:\/\/igrejadolis.com\/index.php\/wp-json\/wp\/v2\/comments?post=44"}],"version-history":[{"count":9,"href":"https:\/\/igrejadolis.com\/index.php\/wp-json\/wp\/v2\/pages\/44\/revisions"}],"predecessor-version":[{"id":106,"href":"https:\/\/igrejadolis.com\/index.php\/wp-json\/wp\/v2\/pages\/44\/revisions\/106"}],"wp:attachment":[{"href":"https:\/\/igrejadolis.com\/index.php\/wp-json\/wp\/v2\/media?parent=44"}],"curies":[{"name":"wp","href":"https:\/\/api.w.org\/{rel}","templated":true}]}}